{"id":655,"date":"2023-04-05T18:32:08","date_gmt":"2023-04-05T18:32:08","guid":{"rendered":"https:\/\/iptvcosmo.com\/?post_type=product&#038;p=655"},"modified":"2026-01-17T14:30:53","modified_gmt":"2026-01-17T14:30:53","slug":"ibo-iptv-player-aktivasyon","status":"publish","type":"product","link":"https:\/\/iptvcosmo.com\/tv\/ibo-iptv-player-aktivasyon\/","title":{"rendered":"\u0130bo IPTV Player Aktivasyon"},"content":{"rendered":"<h2>\u0130bo IPTV Player Aktivasyon<\/h2>\n<p><strong>\u0130bo IPTV Player Aktivasyon<\/strong> ve s\u00fcresiz aktivasyon hizmetleri, kullan\u0131c\u0131lar\u0131n canl\u0131 TV yay\u0131nlar\u0131n\u0131 izlemeleri i\u00e7in g\u00fcvenli ve uygun bir se\u00e7enek sunar. Kullan\u0131c\u0131lar, \u00f6m\u00fcr boyu kullan\u0131m hakk\u0131 sunan bu hizmeti sat\u0131n ald\u0131ktan sonra, uygulamay\u0131 indirip y\u00fckleyerek canl\u0131 TV yay\u0131nlar\u0131n\u0131 izleyebilirler. Bu uygulama, internet ba\u011flant\u0131s\u0131 olan herhangi bir cihazda kullan\u0131labilir ve farkl\u0131 televizyon kanallar\u0131, film ve dizi i\u00e7erikleri sunar. S\u00fcresiz aktivasyon hizmeti ise, kullan\u0131c\u0131lar\u0131n uygulamay\u0131 s\u0131n\u0131rs\u0131z kullanmalar\u0131n\u0131 sa\u011flar ve herhangi bir s\u00fcre k\u0131s\u0131tlamas\u0131 olmadan canl\u0131 TV yay\u0131nlar\u0131n\u0131 izleyebilirler. \u0130bo IPTV Player, kullan\u0131m kolayl\u0131\u011f\u0131 ve farkl\u0131 cihazlarla uyumlulu\u011fu nedeniyle bir\u00e7ok kullan\u0131c\u0131 taraf\u0131ndan tercih edilir.<\/p>\n","protected":false},"excerpt":{"rendered":"<ul class=\"check-list\">\n<li><strong>1 y\u0131l Aktivasyon 100\u00a0<b>\u20ba<\/b><\/strong><\/li>\n<li><strong>Life Time S\u00fcresiz Aktivasyon 180 \u20ba<\/strong><\/li>\n<li>Android Cihazlar<\/li>\n<li>Smart Tv ler<\/li>\n<li>\u0130os Cihazlar<\/li>\n<li>Mac Cihazlar<\/li>\n<li>An\u0131nda Aktivasyon<\/li>\n<li>%100 G\u00fcvenli \u00d6deme<\/li>\n<\/ul>\n","protected":false},"featured_media":656,"comment_status":"open","ping_status":"closed","template":"","meta":[],"product_brand":[],"product_cat":[15],"product_tag":[],"class_list":{"0":"post-655","1":"product","2":"type-product","3":"status-publish","4":"has-post-thumbnail","6":"product_cat-aktivasyon","8":"first","9":"instock","10":"virtual","11":"purchasable","12":"product-type-simple"},"_links":{"self":[{"href":"https:\/\/iptvcosmo.com\/tv\/wp-json\/wp\/v2\/product\/655","targetHints":{"allow":["GET"]}}],"collection":[{"href":"https:\/\/iptvcosmo.com\/tv\/wp-json\/wp\/v2\/product"}],"about":[{"href":"https:\/\/iptvcosmo.com\/tv\/wp-json\/wp\/v2\/types\/product"}],"replies":[{"embeddable":true,"href":"https:\/\/iptvcosmo.com\/tv\/wp-json\/wp\/v2\/comments?post=655"}],"wp:featuredmedia":[{"embeddable":true,"href":"https:\/\/iptvcosmo.com\/tv\/wp-json\/wp\/v2\/media\/656"}],"wp:attachment":[{"href":"https:\/\/iptvcosmo.com\/tv\/wp-json\/wp\/v2\/media?parent=655"}],"wp:term":[{"taxonomy":"product_brand","embeddable":true,"href":"https:\/\/iptvcosmo.com\/tv\/wp-json\/wp\/v2\/product_brand?post=655"},{"taxonomy":"product_cat","embeddable":true,"href":"https:\/\/iptvcosmo.com\/tv\/wp-json\/wp\/v2\/product_cat?post=655"},{"taxonomy":"product_tag","embeddable":true,"href":"https:\/\/iptvcosmo.com\/tv\/wp-json\/wp\/v2\/product_tag?post=655"}],"curies":[{"name":"wp","href":"https:\/\/api.w.org\/{rel}","templated":true}]}}