{"id":414,"date":"2022-07-13T11:01:39","date_gmt":"2022-07-13T11:01:39","guid":{"rendered":"https:\/\/iptvcosmo.com\/?post_type=product&#038;p=414"},"modified":"2026-01-17T14:31:04","modified_gmt":"2026-01-17T14:31:04","slug":"duplex-play-iptv-aktivasyon-1-yillik","status":"publish","type":"product","link":"https:\/\/iptvcosmo.com\/tv\/duplex-play-iptv-aktivasyon-1-yillik\/","title":{"rendered":"Duplex Play IPTV Aktivasyon 1 Y\u0131ll\u0131k"},"content":{"rendered":"<h2><a href=\"https:\/\/iptvcosmo.com\/duplex-play-iptv-aktivasyon-1-yillik\/\">Duplex Play IPTV Aktivasyon 1 Y\u0131ll\u0131k<\/a><\/h2>\n<p><strong>Duplex Play IPTV Aktivasyon<\/strong>\u00a0Duplex Play program\u0131\u00a0\u00a0<a href=\"https:\/\/cosmosserver.de\/\" target=\"_blank\" rel=\"noopener\">IPTV<\/a>\u00a0yay\u0131nlar\u0131n\u0131z\u0131 m\u00fckemmel kalitede izlemenize olanak sa\u011flar.<\/p>\n<p>Kolay ve kullan\u0131\u015fl\u0131 aray\u00fcz\u00fc ile sizlere e\u015fsiz bir deneyim sunar.<\/p>\n<p>Duplex Play ile kanal ge\u00e7i\u015flerinde fark\u0131 hissedeceksiniz. Duplex Play 1 y\u0131ll\u0131k veya daha uzun s\u00fcreli sat\u0131n al\u0131mlar yaparak doyas\u0131ya seyir zevkini ya\u015fayabilirsiniz.<\/p>\n<div class=\"elementor-element elementor-element-df40396 animated-slow elementor-widget elementor-widget-heading animated fadeInLeft\" data-id=\"df40396\" data-element_type=\"widget\" data-settings=\"{&quot;_animation&quot;:&quot;fadeInLeft&quot;}\" data-widget_type=\"heading.default\">\n<div class=\"elementor-widget-container\">\n<p class=\"elementor-heading-title elementor-size-default\">Duplex \u0130ptv Aktivasyonunu saniyeler i\u00e7inde yapman\u0131za olanak sa\u011fl\u0131yoruz<\/p>\n<\/div>\n<\/div>\n<div class=\"elementor-element elementor-element-dad9c06 animated-slow elementor-widget elementor-widget-text-editor animated fadeInLeft\" data-id=\"dad9c06\" data-element_type=\"widget\" data-settings=\"{&quot;_animation&quot;:&quot;fadeInLeft&quot;}\" data-widget_type=\"text-editor.default\">\n<div class=\"elementor-widget-container\">\n<p>Hemen bizimle ileti\u015fime ge\u00e7erek Duplex \u0130ptv Program\u0131n\u0131 aktive edebilir ve seyrinize kald\u0131\u011f\u0131n\u0131z yerden devam edebilirsiniz.<\/p>\n<\/div>\n<\/div>\n","protected":false},"excerpt":{"rendered":"<p><strong>1 Y\u0131ll\u0131k Duplex Play Aktivasyonu<\/strong><\/p>\n<div class=\"elementor-element elementor-element-a04e04a elementor-widget elementor-widget-heading\" data-id=\"a04e04a\" data-element_type=\"widget\" data-widget_type=\"heading.default\">\n<div class=\"elementor-widget-container\">\n<p class=\"elementor-heading-title elementor-size-default\">-ANINDA TESL\u0130MAT<\/p>\n<\/div>\n<\/div>\n<div class=\"elementor-element elementor-element-522650b elementor-widget elementor-widget-heading\" data-id=\"522650b\" data-element_type=\"widget\" data-widget_type=\"heading.default\">\n<div class=\"elementor-widget-container\">\n<p class=\"elementor-heading-title elementor-size-default\">-TABLET<\/p>\n<\/div>\n<\/div>\n<div class=\"elementor-element elementor-element-6e9fa73 elementor-widget elementor-widget-heading\" data-id=\"6e9fa73\" data-element_type=\"widget\" data-widget_type=\"heading.default\">\n<div class=\"elementor-widget-container\">\n<p class=\"elementor-heading-title elementor-size-default\">-TELEV\u0130ZYON<\/p>\n<\/div>\n<\/div>\n<div class=\"elementor-element elementor-element-eb2d37a elementor-widget elementor-widget-heading\" data-id=\"eb2d37a\" data-element_type=\"widget\" data-widget_type=\"heading.default\">\n<div class=\"elementor-widget-container\">\n<p class=\"elementor-heading-title elementor-size-default\">-B\u0130LG\u0130SAYAR<\/p>\n<\/div>\n<\/div>\n","protected":false},"featured_media":415,"comment_status":"open","ping_status":"closed","template":"","meta":[],"product_brand":[],"product_cat":[15],"product_tag":[80],"class_list":{"0":"post-414","1":"product","2":"type-product","3":"status-publish","4":"has-post-thumbnail","6":"product_cat-aktivasyon","7":"product_tag-duplex-play-aktivasyon","9":"first","10":"outofstock","11":"sale","12":"virtual","13":"purchasable","14":"product-type-simple"},"_links":{"self":[{"href":"https:\/\/iptvcosmo.com\/tv\/wp-json\/wp\/v2\/product\/414","targetHints":{"allow":["GET"]}}],"collection":[{"href":"https:\/\/iptvcosmo.com\/tv\/wp-json\/wp\/v2\/product"}],"about":[{"href":"https:\/\/iptvcosmo.com\/tv\/wp-json\/wp\/v2\/types\/product"}],"replies":[{"embeddable":true,"href":"https:\/\/iptvcosmo.com\/tv\/wp-json\/wp\/v2\/comments?post=414"}],"wp:featuredmedia":[{"embeddable":true,"href":"https:\/\/iptvcosmo.com\/tv\/wp-json\/wp\/v2\/media\/415"}],"wp:attachment":[{"href":"https:\/\/iptvcosmo.com\/tv\/wp-json\/wp\/v2\/media?parent=414"}],"wp:term":[{"taxonomy":"product_brand","embeddable":true,"href":"https:\/\/iptvcosmo.com\/tv\/wp-json\/wp\/v2\/product_brand?post=414"},{"taxonomy":"product_cat","embeddable":true,"href":"https:\/\/iptvcosmo.com\/tv\/wp-json\/wp\/v2\/product_cat?post=414"},{"taxonomy":"product_tag","embeddable":true,"href":"https:\/\/iptvcosmo.com\/tv\/wp-json\/wp\/v2\/product_tag?post=414"}],"curies":[{"name":"wp","href":"https:\/\/api.w.org\/{rel}","templated":true}]}}