{"id":172,"date":"2014-08-08T20:57:29","date_gmt":"2014-08-08T20:57:29","guid":{"rendered":"http:\/\/uxthemes.wpengine.com\/?post_type=product&#038;p=132"},"modified":"2026-01-17T14:33:00","modified_gmt":"2026-01-17T14:33:00","slug":"12-ay-premium-iptv-uyelik","status":"publish","type":"product","link":"https:\/\/iptvcosmo.com\/tv\/12-ay-premium-iptv-uyelik\/","title":{"rendered":"12 Ay Premium IPTV \u00dcyelik"},"content":{"rendered":"<h2><a href=\"https:\/\/iptvcosmo.com\/12-ay-premium-iptv-uyelik\/\">12 Ay Premium IPTV \u00dcyelik<\/a><\/h2>\n<h4>T\u00fcrkiye IPTV Fiyatlar\u0131<\/h4>\n<p><strong>12 Ay Premium IPTV \u00dcyelik<\/strong>\u00a0, sizlere 7 g\u00fcn 18 saat, T\u00fcm T\u00fcrkiye kanallar\u0131 ile beraber, premium spor kanallar\u0131, sinema kanallar\u0131, belgesel kanallar\u0131, haber kanallar\u0131, m\u00fczik kanallar\u0131, \u00e7ocuk kanallar\u0131 ve yeti\u015fkin kanallar\u0131n\u0131 kesintisiz sunmaktad\u0131r.<br \/>\nYay\u0131nlar\u0131m\u0131z\u0131 Smart TV\u2019nizden, bilgisayar\u0131n\u0131zdan, cep telefonlar\u0131n\u0131zdan, MAG cihazlar\u0131n\u0131zdan ve Xtream Codes IPTV uyumlu uydu cihazlar\u0131n\u0131zdan istedi\u011finiz zaman diledi\u011finiz yerde izleyebilirsiniz.<\/p>\n<p>%100 G\u00fcvenli \u00d6deme Altyap\u0131s\u0131<br \/>\nAktivasyon s\u00fcreciniz uzamas\u0131n diye, 7\/24 online \u00f6deme yapabilece\u011finiz, 3D Secure ile t\u00fcm d\u00fcnyadan, g\u00fcvenli altyap\u0131m\u0131z\u0131 kullanarak \u00f6demelerinizi tamamlayabilirsiniz. <strong>12 Ay Premium IPTV \u00dcyelik<\/strong>T\u00fcm Chazlarla Uyumlu Sistem<\/p>\n<p>IPTV \u00dcyeli\u011finizi Smart TV, MAG, Android, iOS, VLC\/KODI, Enigma, PC ve daha bir\u00e7ok cihazda kullanabilirsiniz\u2026<\/p>\n<p>Tak ve \u00c7al\u0131\u015ft\u0131r Teknolojimiz ile her \u015feyi sadece birka\u00e7 dakika i\u00e7inde kurabilirsiniz. Her \u015feyi parmaklar\u0131n\u0131z\u0131n ucunda izleyin.<\/p>\n<p>7\/18 Whatsapp Destek<br \/>\nCOSMOS IPTV olarak bize ula\u015fman\u0131z\u0131 kolayla\u015ft\u0131racak \u00e7\u00f6z\u00fcmler \u00fcretiyoruz. Sayfam\u0131zda bulunan Canl\u0131 Destek b\u00f6l\u00fcm\u00fcnden bizlere 7\/18 mesajlar\u0131n\u0131z\u0131 iletebilirsiniz. Mesaj\u0131n\u0131z, i\u015flem s\u0131ras\u0131na g\u00f6re an\u0131nda yan\u0131tlanacakt\u0131r.<\/p>\n<p>IPTV hizmetimiz ile sadece iyi bir internet ba\u011flant\u0131s\u0131na ihtiyac\u0131n\u0131z olacak. Uydu anteni, kablo tesisat\u0131 ve TV tamircisi yok. Bize g\u00fcvenin, bu \u015fekilde \u00e7ok daha uygun.<\/p>\n<p>IPTV M\u00fc\u015fterilerimize daha \u00f6zg\u00fcr bir platform yaratmak i\u00e7in, t\u00fcm kontrollerin sizde oldu\u011fu m\u00fc\u015fteri paneliniz paketiniz ile birlikte size veriliyor.<br \/>\nM\u00fc\u015fteri paneliniz ile t\u00fcm ayarlar\u0131n\u0131z\u0131 kontrol alt\u0131nda tutabilirsiniz.\u00a0<strong>12 Ay Premium IPTV \u00dcyelik<\/strong><\/p>\n<h3>IPTV Nas\u0131l Sat\u0131n Al\u0131n\u0131r<\/h3>\n<p><a href=\"https:\/\/cosmosserver.de\/\" target=\"_blank\" rel=\"noopener\">En iyi ip tv<\/a>\u00a0sat\u0131n alma i\u015flemi ise yapman\u0131z gereken en \u00f6nemli husus g\u00fcvenilir firmalar\u0131 ara\u015ft\u0131rmakt\u0131r. Geli\u015fen teknoloji ile birlikte kullan\u0131c\u0131lar\u0131n izleme al\u0131\u015fkanl\u0131klar\u0131nda da olduk\u00e7a de\u011fi\u015fiklik g\u00f6r\u00fclmektedir.<\/p>\n<p>Ip tv nin kullan\u0131c\u0131s\u0131 da bu durumdan dolay\u0131 olduk\u00e7a art\u0131\u015f g\u00f6stermektedir. Bu sistem internet \u00fczerinden g\u00f6r\u00fcnt\u00fc ve ses aktar\u0131m\u0131 yapmaktad\u0131r. Bu durumdan dolay\u0131 televizyon izlemenin ileri teknolojisi olarak g\u00f6r\u00fclmektedir.<\/p>\n<p>Bu y\u00fczden \u0131p tv sat\u0131n almak isteyen ki\u015filer internet \u00fczerinden sat\u0131n alma i\u015flemlerine dair bilgi edinmek isteyebilirler.<br \/>\nIp tv sat\u0131n almak i\u00e7in <a href=\"https:\/\/iptvcosmo.com\/\">iptvcosmo.com<\/a> Whatsapp Hatt\u0131 \u00fczerinden ula\u015fabilirler.<\/p>\n<p>G\u00fcvenli al\u0131\u015fveri\u015f y\u00f6ntemleri ile ip tvye ula\u015fman\u0131z m\u00fcmk\u00fcnd\u00fcr. Ip tv paketleri her ya\u015ftan kullan\u0131c\u0131ya ve her ekonomik seviyeye uygun hizmet paketleri bulunmaktad\u0131r. Kullanmak isteyenler kendi ihtiya\u00e7lar\u0131na g\u00f6re ve internet ba\u011flant\u0131lar\u0131na uygun olan paketleri alabilirler.\u00a0<strong>12 Ay Premium IPTV \u00dcyelik<\/strong><br \/>\nKanal listesi olduk\u00e7a zengindir. Sadece internet \u00fczerinden izleme imkan\u0131 bulunmaktad\u0131r. Cihaz\u0131n\u0131z\u0131n i\u015fletim sistemi ve yaz\u0131l\u0131m\u0131 hizmet destekli olmas\u0131 bu imkan\u0131 kullanman\u0131za yeterlidir. Bu kullan\u0131m ko\u015fullar\u0131 olmas\u0131 durumunda d\u00fcnyan\u0131n d\u00f6rt bir yan\u0131nda yay\u0131n yapan T\u00fcrkiye ve yabanc\u0131 \u00fclkelerin HD kalitedeki kanallar\u0131n\u0131 izlemeniz m\u00fcmk\u00fcnd\u00fcr. Ip tv izlemek i\u00e7in yap\u0131lmas\u0131 gerekenler olduk\u00e7a basittir.<\/p>\n<p>Ip tv uyumlu Smart Tv\u2019ye sahipseniz veya bilgisayara, ak\u0131ll\u0131 telefona, tablete sahip olman\u0131z durumunda izleyebilirsiniz. Bu cihazlar \u00fczerinden y\u00fcksek g\u00f6r\u00fcnt\u00fc kalitesi ile istenilen yerde izleme imkan\u0131na ula\u015fabilirsiniz. Ba\u011flanma h\u0131z\u0131n\u0131z\u0131n d\u00fc\u015fmedi\u011fi s\u00fcrece y\u00fcksek kaliteli bu sistemi bu kanallar \u00fczerinden izleyebilirsiniz. \u0130nternet ba\u011flant\u0131n\u0131z\u0131n kotal\u0131 olmas\u0131 durumunda bu durum s\u00f6z konusu de\u011fildir.<\/p>\n<p>En iyi IPTV sat\u0131n alma i\u015flemini ger\u00e7ekle\u015ftirdikten sonra gerekli kurulum i\u015flemlerini ise m\u00fc\u015fterisi oldu\u011funuz firma ile ba\u011flant\u0131ya ge\u00e7erek sa\u011flayabilirsiniz. Ayn\u0131 zamanda herhangi bir teknik bilgiye sahip olmadan kurulumu kendiniz ger\u00e7ekle\u015ftirip yay\u0131n\u0131 izleyebilirsiniz.<\/p>\n","protected":false},"excerpt":{"rendered":"<ul class=\"check-list\">\n<li><strong>Sadece T\u00fcrkiyede \u00c7al\u0131\u015f\u0131r<\/strong><\/li>\n<li>Premium Spor Kanallar\u0131<\/li>\n<li>Belgesel ve Sinema Kanallar\u0131<\/li>\n<li>\u00c7ocuk ve Yeti\u015fkin Kanallar\u0131<\/li>\n<li>Se\u00e7-\u0130zle Film Ar\u015fivi<\/li>\n<li>Se\u00e7-\u0130zle Dizi Ar\u015fivi<\/li>\n<li>\u00d6zel M\u00fc\u015fteri Paneli<\/li>\n<li>Paket D\u00fczenleme Sistemi<\/li>\n<li>Programs\u0131z WebTV<\/li>\n<li>An\u0131nda Paket Aktivasyonu<\/li>\n<li>%100 G\u00fcvenli \u00d6deme<\/li>\n<\/ul>\n","protected":false},"featured_media":292,"comment_status":"open","ping_status":"closed","template":"","meta":[],"product_brand":[],"product_cat":[68],"product_tag":[],"class_list":{"0":"post-172","1":"product","2":"type-product","3":"status-publish","4":"has-post-thumbnail","6":"product_cat-iptv","8":"first","9":"instock","10":"virtual","11":"purchasable","12":"product-type-simple"},"_links":{"self":[{"href":"https:\/\/iptvcosmo.com\/tv\/wp-json\/wp\/v2\/product\/172","targetHints":{"allow":["GET"]}}],"collection":[{"href":"https:\/\/iptvcosmo.com\/tv\/wp-json\/wp\/v2\/product"}],"about":[{"href":"https:\/\/iptvcosmo.com\/tv\/wp-json\/wp\/v2\/types\/product"}],"replies":[{"embeddable":true,"href":"https:\/\/iptvcosmo.com\/tv\/wp-json\/wp\/v2\/comments?post=172"}],"wp:featuredmedia":[{"embeddable":true,"href":"https:\/\/iptvcosmo.com\/tv\/wp-json\/wp\/v2\/media\/292"}],"wp:attachment":[{"href":"https:\/\/iptvcosmo.com\/tv\/wp-json\/wp\/v2\/media?parent=172"}],"wp:term":[{"taxonomy":"product_brand","embeddable":true,"href":"https:\/\/iptvcosmo.com\/tv\/wp-json\/wp\/v2\/product_brand?post=172"},{"taxonomy":"product_cat","embeddable":true,"href":"https:\/\/iptvcosmo.com\/tv\/wp-json\/wp\/v2\/product_cat?post=172"},{"taxonomy":"product_tag","embeddable":true,"href":"https:\/\/iptvcosmo.com\/tv\/wp-json\/wp\/v2\/product_tag?post=172"}],"curies":[{"name":"wp","href":"https:\/\/api.w.org\/{rel}","templated":true}]}}