{"id":91,"date":"2013-08-11T19:22:53","date_gmt":"2013-08-11T19:22:53","guid":{"rendered":"http:\/\/localhost:8888\/test\/?page_id=532"},"modified":"2022-07-13T11:29:47","modified_gmt":"2022-07-13T11:29:47","slug":"iletisim","status":"publish","type":"page","link":"https:\/\/iptvcosmo.com\/tv\/iletisim\/","title":{"rendered":"\u0130leti\u015fim"},"content":{"rendered":"\n\t<div class=\"img has-hover x md-x lg-x y md-y lg-y\" id=\"image_1195767629\">\n\t\t\t\t\t\t\t\t<div class=\"img-inner dark\" >\n\t\t\t<img loading=\"lazy\" decoding=\"async\" width=\"1020\" height=\"510\" src=\"https:\/\/iptvcosmo.com\/wp-content\/uploads\/2022\/07\/iptv-vip-spor-kanallari.webp\" class=\"attachment-large size-large\" alt=\"IPTV Sat\u0131n Al, En iyi IPTV, Kaliteli IPTV, IPTV \u00dcyelik, IPTV Abonelik, Premium IPTV, IPTV Test, Ucuz IPTV Hizmeti\" srcset=\"https:\/\/iptvcosmo.com\/wp-content\/uploads\/2022\/07\/iptv-vip-spor-kanallari.webp 1100w, https:\/\/iptvcosmo.com\/wp-content\/uploads\/2022\/07\/iptv-vip-spor-kanallari-800x400.webp 800w, https:\/\/iptvcosmo.com\/wp-content\/uploads\/2022\/07\/iptv-vip-spor-kanallari-768x384.webp 768w, https:\/\/iptvcosmo.com\/wp-content\/uploads\/2022\/07\/iptv-vip-spor-kanallari-510x255.webp 510w\" sizes=\"auto, (max-width: 1020px) 100vw, 1020px\" \/>\t\t\t\t\t\t\n\t\t\t\t\t<\/div>\n\t\t\t\t\t\t\t\t\n<style>\n#image_1195767629 {\n  width: 100%;\n}\n<\/style>\n\t<\/div>\n\t\n\n\t<section class=\"section\" id=\"section_1948571685\">\n\t\t<div class=\"bg section-bg fill bg-fill  bg-loaded\" >\n\n\t\t\t\n\t\t\t\n\t\t\t\n\n\t\t<\/div>\n\n\t\t\n\n\t\t<div class=\"section-content relative\">\n\t\t\t\n\n<div class=\"message-box relative dark\" style=\"padding-top:15px;padding-bottom:15px;\"><div class=\"message-box-bg-image bg-fill fill\" ><\/div><div class=\"message-box-bg-overlay bg-fill fill\" ><\/div><div class=\"container relative\"><div class=\"inner last-reset\">\n\n<div class=\"row align-middle align-center\"  id=\"row-1672931379\">\n\n\n\t<div id=\"col-957288240\" class=\"col medium-9 small-12 large-9\"  >\n\t\t\t\t<div class=\"col-inner\"  >\n\t\t\t\n\t\t\t\n\n<p>IPTV Cosmo hizmeti ile binlerce kanal elinizin alt\u0131na geliyor. \u0130ptv hizmetimizi kullanabilmeniz i\u00e7in \u00f6ncelikle iptv uyumlu bir \u00fcr\u00fcn\u00fcn\u00fcz\u00fcn olmas\u0131 ve aktif en az 30 mbps internet h\u0131z\u0131n\u0131z\u0131n olmas\u0131 gerekmektedir. G\u00fcn\u00fcm\u00fcz\u00fcn son teknolojisi iptv ile art\u0131k \u00e7anaklar\u0131 \u00e7\u00f6pe at\u0131p, \u00e7anaks\u0131z tv d\u00f6nemini ba\u015flat\u0131yoruz. Kaliteli ve sorunsuz bir iptv hizmeti ar\u0131yorsan\u0131z do\u011fru adrestesiniz.<\/p>\n\n\t\t<\/div>\n\t\t\t\t\t<\/div>\n\n\t\n\n\t<div id=\"col-1280924629\" class=\"col medium-2 small-12 large-2\"  >\n\t\t\t\t<div class=\"col-inner text-center\"  >\n\t\t\t\n\t\t\t\n\n<a data-animate=\"fadeInDown\" rel=\"noopener noreferrer\" href=\"https:\/\/wa.me\/+447441441704\" target=\"_blank\" class=\"button primary is-shade lowercase\" style=\"border-radius:99px;\">\n  <i class=\"icon-phone\" aria-hidden=\"true\" ><\/i>  <span>Whatsapp<\/span>\n  <\/a>\n\n\n\n\t\t<\/div>\n\t\t\t\t\t<\/div>\n\n\t\n\n<\/div>\n\n<\/div><\/div><\/div>\n\n\t\t<\/div>\n\n\t\t\n<style>\n#section_1948571685 {\n  padding-top: 30px;\n  padding-bottom: 30px;\n}\n<\/style>\n\t<\/section>\n\t\n<div class=\"row\"  id=\"row-1355342160\">\n\n\n\t<div id=\"col-1827966580\" class=\"col medium-6 large-6\"  >\n\t\t\t\t<div class=\"col-inner\"  >\n\t\t\t\n\t\t\t\n\n<div class=\"container section-title-container\" ><h3 class=\"section-title section-title-normal\"><b><\/b><span class=\"section-title-main\" >S\u0131k\u00e7a Sorulan Sorular<\/span><b><\/b><\/h3><\/div>\n\n<p class=\"lead\" style=\"text-align: center;\">S\u0131k sorulan sorular yan\u0131tland\u0131<\/p>\n<div class=\"accordion\">\n\n\t<div id=\"accordion-919985030\" class=\"accordion-item\">\n\t\t<a id=\"accordion-919985030-label\" class=\"accordion-title plain\" href=\"#accordion-item-tek_abonel\u0130kte_ayni_anda_\u0130k\u0130_c\u0130haz_kullanab\u0130l\u0130r_m\u0130y\u0130m?\" aria-expanded=\"false\" aria-controls=\"accordion-919985030-content\" >\n\t\t\t<button class=\"toggle\" aria-label=\"A\u00e7\/Kapat\"><i class=\"icon-angle-down\"><\/i><\/button>\n\t\t\t<span>TEK ABONEL\u0130KTE AYNI ANDA \u0130K\u0130 C\u0130HAZ KULLANAB\u0130L\u0130R M\u0130Y\u0130M?<\/span>\n\t\t<\/a>\n\t\t<div id=\"accordion-919985030-content\" class=\"accordion-inner\" aria-labelledby=\"accordion-919985030-label\" >\n\t\t\t\n\n<p>Hay\u0131r, yapamazs\u0131n. 1 hesapta \u00e7oklu ba\u011flant\u0131, kullan\u0131c\u0131 ad\u0131n\u0131z\u0131 ve IP adresinizi engelleyebilir.<\/p>\n\n\t\t<\/div>\n\t<\/div>\n\t\n\t<div id=\"accordion-323598802\" class=\"accordion-item\">\n\t\t<a id=\"accordion-323598802-label\" class=\"accordion-title plain\" href=\"#accordion-item-nasil_kal\u0130tel\u0130_h\u0130zmet_ver\u0130yoruz?\" aria-expanded=\"false\" aria-controls=\"accordion-323598802-content\" >\n\t\t\t<button class=\"toggle\" aria-label=\"A\u00e7\/Kapat\"><i class=\"icon-angle-down\"><\/i><\/button>\n\t\t\t<span>NASIL KAL\u0130TEL\u0130 H\u0130ZMET VER\u0130YORUZ?<\/span>\n\t\t<\/a>\n\t\t<div id=\"accordion-323598802-content\" class=\"accordion-inner\" aria-labelledby=\"accordion-323598802-label\" >\n\t\t\t\n\n<p>IP a\u011flar\u0131n\u0131n unsurlar\u0131n\u0131n \u00e7o\u011fu kaliteli hizmetin kontrol\u00fcd\u00fcr.\u00a0Hizmetimiz, piyasadaki di\u011fer benzer hizmet sa\u011flay\u0131c\u0131larla kar\u015f\u0131la\u015ft\u0131rabilece\u011finiz kadar m\u00fckemmeldir.\u00a0Hizmet kalitemiz, a\u011fdaki birka\u00e7 pakete \u00f6ncelik vermenizi sa\u011flar, size y\u00fcksek kaliteli hizmet sa\u011flamak i\u00e7in hizmetin par\u00e7alanma gecikmelerini her zaman korur ve kontrol ederiz.\u00a0Her zaman istenilen seviyede performans\u0131 koruyoruz.<\/p>\n\n\t\t<\/div>\n\t<\/div>\n\t\n\t<div id=\"accordion-680468550\" class=\"accordion-item\">\n\t\t<a id=\"accordion-680468550-label\" class=\"accordion-title plain\" href=\"#accordion-item-iptv_yayini_ne_kadar_bant_gen\u0130\u015el\u0130\u011e\u0130_kullaniyor?\" aria-expanded=\"false\" aria-controls=\"accordion-680468550-content\" >\n\t\t\t<button class=\"toggle\" aria-label=\"A\u00e7\/Kapat\"><i class=\"icon-angle-down\"><\/i><\/button>\n\t\t\t<span>IPTV YAYINI NE KADAR BANT GEN\u0130\u015eL\u0130\u011e\u0130 KULLANIYOR?<\/span>\n\t\t<\/a>\n\t\t<div id=\"accordion-680468550-content\" class=\"accordion-inner\" aria-labelledby=\"accordion-680468550-label\" >\n\t\t\t\n\n<p>IPTV ak\u0131\u015flar\u0131m\u0131z, en iyi s\u0131k\u0131\u015ft\u0131rma ve kaliteyi sunan en son H264 teknolojisini kullan\u0131r.\u00a0IPTV ak\u0131\u015f boyutlar\u0131 kabaca 8 Mbit civar\u0131ndad\u0131r.\u00a0Ancak kanallar\u0131 de\u011fi\u015ftirirken H264 protokol\u00fc resmi g\u00f6stermeye ba\u015flamak i\u00e7in biraz daha y\u00fckse\u011fe s\u0131\u00e7rayabilir, bu nedenle minimum 16 Mbit internet ba\u011flant\u0131 h\u0131z\u0131, HD kanallar i\u00e7in 30 Mbit gereklidir.<\/p>\n\n\t\t<\/div>\n\t<\/div>\n\t\n\t<div id=\"accordion-3426230129\" class=\"accordion-item\">\n\t\t<a id=\"accordion-3426230129-label\" class=\"accordion-title plain\" href=\"#accordion-item-ne_t\u00dcr_c\u0130hazlari_destekl\u0130yor?\" aria-expanded=\"false\" aria-controls=\"accordion-3426230129-content\" >\n\t\t\t<button class=\"toggle\" aria-label=\"A\u00e7\/Kapat\"><i class=\"icon-angle-down\"><\/i><\/button>\n\t\t\t<span>NE T\u00dcR C\u0130HAZLARI DESTEKL\u0130YOR?<\/span>\n\t\t<\/a>\n\t\t<div id=\"accordion-3426230129-content\" class=\"accordion-inner\" aria-labelledby=\"accordion-3426230129-label\" >\n\t\t\t\n\n<p>MAG, Android Ak\u0131ll\u0131 Telefon, Android Kutular\u0131, Enigma, DreamBox, Vu+ (\u2026), PC, VLC, Kodi\/XBMC (\u2026), Smart TV gibi her t\u00fcrl\u00fc cihaz\u0131 destekliyoruz.<\/p>\n\n\t\t<\/div>\n\t<\/div>\n\t\n\t<div id=\"accordion-2077153868\" class=\"accordion-item\">\n\t\t<a id=\"accordion-2077153868-label\" class=\"accordion-title plain\" href=\"#accordion-item-iptv&#039;n\u0130n_avantajlari_nelerd\u0130r?\" aria-expanded=\"false\" aria-controls=\"accordion-2077153868-content\" >\n\t\t\t<button class=\"toggle\" aria-label=\"A\u00e7\/Kapat\"><i class=\"icon-angle-down\"><\/i><\/button>\n\t\t\t<span>IPTV'N\u0130N AVANTAJLARI NELERD\u0130R?<\/span>\n\t\t<\/a>\n\t\t<div id=\"accordion-2077153868-content\" class=\"accordion-inner\" aria-labelledby=\"accordion-2077153868-label\" >\n\t\t\t\n\n<p>Genellikle IPTV veya \u0130nternet Protokol\u00fc Televizyonunun \u00e7e\u015fitli avantajlar\u0131 vard\u0131r.\u00a0Say\u0131s\u0131z telekom\u00fcnikasyon sa\u011flay\u0131c\u0131s\u0131 taraf\u0131ndan g\u00f6r\u00fclen mevcut pazarda ileriye d\u00f6n\u00fck ve \u00e7ok uygun maliyetli bir teklif sunuyor ve yeni gelir tazeli\u011fi yaratabilecek karl\u0131 oldu\u011fu kadar olumlu yeni hizmetler de d\u00fc\u015f\u00fcn\u00fcyor.<\/p>\n\n\t\t<\/div>\n\t<\/div>\n\t\n\t<div id=\"accordion-1103234462\" class=\"accordion-item\">\n\t\t<a id=\"accordion-1103234462-label\" class=\"accordion-title plain\" href=\"#accordion-item-iptv_ned\u0130r?\" aria-expanded=\"false\" aria-controls=\"accordion-1103234462-content\" >\n\t\t\t<button class=\"toggle\" aria-label=\"A\u00e7\/Kapat\"><i class=\"icon-angle-down\"><\/i><\/button>\n\t\t\t<span>IPTV NED\u0130R?<\/span>\n\t\t<\/a>\n\t\t<div id=\"accordion-1103234462-content\" class=\"accordion-inner\" aria-labelledby=\"accordion-1103234462-label\" >\n\t\t\t\n\n<p>Bug\u00fcn teknoloji \u00e7a\u011f\u0131nda, bug\u00fcnlerde TV malzemelerinin d\u00f6\u015fenebilece\u011fi \u00e7e\u015fitli yollar g\u00f6rebilirsiniz. B\u00fcy\u00fck bir etki yaratmak i\u00e7in en iyi sistemlerden biri IPTV\u2019dir. Ad\u0131, \u0130nternet Protokol\u00fc Televizyonu olarak bilinen IPTV\u2019nin \u0130nternet Protokol\u00fc kullan\u0131m\u0131 boyunca olu\u015ftu\u011funu ve hizmetin geni\u015f bant ba\u011flant\u0131lar\u0131n\u0131n yo\u011fun olarak kullan\u0131ld\u0131\u011f\u0131 telekom\u00fcnikasyon ile senkronizasyonda kullan\u0131lmas\u0131n\u0131n muhtemel oldu\u011funu, paket veri getiren herhangi bir hizmetin kullan\u0131labilece\u011fini belirtir. Kullan\u0131lm\u0131\u015f.<\/p>\n\n\t\t<\/div>\n\t<\/div>\n\t\n\n<\/div>\n\n\t\t<\/div>\n\t\t\t\t\t<\/div>\n\n\t\n\n\t<div id=\"col-960145268\" class=\"col medium-6 large-6\"  >\n\t\t\t\t<div class=\"col-inner\"  >\n\t\t\t\n\t\t\t\n\n<div class=\"container section-title-container\" ><h3 class=\"section-title section-title-normal\"><b><\/b><span class=\"section-title-main\" >Bize bir e-posta g\u00f6nder<\/span><b><\/b><\/h3><\/div>\n\n<p>\n\n<div class=\"wpcf7 no-js\" id=\"wpcf7-f15-o1\" lang=\"en-US\" dir=\"ltr\" data-wpcf7-id=\"15\">\n<div class=\"screen-reader-response\"><p role=\"status\" aria-live=\"polite\" aria-atomic=\"true\"><\/p> <ul><\/ul><\/div>\n<form action=\"\/tv\/wp-json\/wp\/v2\/pages\/91#wpcf7-f15-o1\" method=\"post\" class=\"wpcf7-form init\" aria-label=\"Contact form\" novalidate=\"novalidate\" data-status=\"init\">\n<fieldset class=\"hidden-fields-container\"><input type=\"hidden\" name=\"_wpcf7\" value=\"15\" \/><input type=\"hidden\" name=\"_wpcf7_version\" value=\"6.1.5\" \/><input type=\"hidden\" name=\"_wpcf7_locale\" value=\"en_US\" \/><input type=\"hidden\" name=\"_wpcf7_unit_tag\" value=\"wpcf7-f15-o1\" \/><input type=\"hidden\" name=\"_wpcf7_container_post\" value=\"0\" \/><input type=\"hidden\" name=\"_wpcf7_posted_data_hash\" value=\"\" \/>\n<\/fieldset>\n<div class=\"form-flat\">\n\t<p><span class=\"wpcf7-form-control-wrap\" data-name=\"your-name\"><input size=\"40\" maxlength=\"400\" class=\"wpcf7-form-control wpcf7-text wpcf7-validates-as-required\" aria-required=\"true\" aria-invalid=\"false\" placeholder=\"Ad\u0131n\u0131z (gerekli)\" value=\"\" type=\"text\" name=\"your-name\" \/><\/span>\n\t<\/p>\n\t<p><span class=\"wpcf7-form-control-wrap\" data-name=\"your-email\"><input size=\"40\" maxlength=\"400\" class=\"wpcf7-form-control wpcf7-email wpcf7-validates-as-required wpcf7-text wpcf7-validates-as-email\" aria-required=\"true\" aria-invalid=\"false\" placeholder=\"Eposta Adresiniz (gerekli)\" value=\"\" type=\"email\" name=\"your-email\" \/><\/span>\n\t<\/p>\n\t<p><span class=\"wpcf7-form-control-wrap\" data-name=\"your-message\"><textarea cols=\"40\" rows=\"10\" maxlength=\"2000\" class=\"wpcf7-form-control wpcf7-textarea\" aria-invalid=\"false\" placeholder=\"Mesaj\u0131n\u0131z (gerekli)\" name=\"your-message\"><\/textarea><\/span>\n\t<\/p>\n\t<p><input class=\"wpcf7-form-control wpcf7-submit has-spinner button\" type=\"submit\" value=\"G\u00f6nder\" \/>\n\t<\/p>\n<\/div><div class=\"wpcf7-response-output\" aria-hidden=\"true\"><\/div>\n<\/form>\n<\/div>\n\n\n<p>T\u00fcm soru, g\u00f6r\u00fc\u015f ve \u00f6nerileriniz i\u00e7in ileti\u015fim formu yard\u0131m\u0131 ile bize ula\u015fabilir veya Whatsapp deste\u011fini kullanabilirsiniz. E-posta: info@iptvcosmo.com<\/p>\n\n\t\t<\/div>\n\t\t\t\t\t<\/div>\n\n\t\n\n<\/div>\n<p>&nbsp;<\/p>\n\n","protected":false},"excerpt":{"rendered":"","protected":false},"author":1,"featured_media":19,"parent":0,"menu_order":0,"comment_status":"closed","ping_status":"closed","template":"page-blank.php","meta":{"footnotes":""},"class_list":["post-91","page","type-page","status-publish","has-post-thumbnail","hentry"],"_links":{"self":[{"href":"https:\/\/iptvcosmo.com\/tv\/wp-json\/wp\/v2\/pages\/91","targetHints":{"allow":["GET"]}}],"collection":[{"href":"https:\/\/iptvcosmo.com\/tv\/wp-json\/wp\/v2\/pages"}],"about":[{"href":"https:\/\/iptvcosmo.com\/tv\/wp-json\/wp\/v2\/types\/page"}],"author":[{"embeddable":true,"href":"https:\/\/iptvcosmo.com\/tv\/wp-json\/wp\/v2\/users\/1"}],"replies":[{"embeddable":true,"href":"https:\/\/iptvcosmo.com\/tv\/wp-json\/wp\/v2\/comments?post=91"}],"version-history":[{"count":0,"href":"https:\/\/iptvcosmo.com\/tv\/wp-json\/wp\/v2\/pages\/91\/revisions"}],"wp:featuredmedia":[{"embeddable":true,"href":"https:\/\/iptvcosmo.com\/tv\/wp-json\/wp\/v2\/media\/19"}],"wp:attachment":[{"href":"https:\/\/iptvcosmo.com\/tv\/wp-json\/wp\/v2\/media?parent=91"}],"curies":[{"name":"wp","href":"https:\/\/api.w.org\/{rel}","templated":true}]}}